{"id":6260,"date":"2026-05-14T12:04:08","date_gmt":"2026-05-14T10:04:08","guid":{"rendered":"https:\/\/g-network.ch\/?page_id=6260"},"modified":"2026-05-14T12:22:32","modified_gmt":"2026-05-14T10:22:32","slug":"projekt-resonanzcheck","status":"publish","type":"page","link":"https:\/\/g-network.ch\/en\/projekt-resonanzcheck\/","title":{"rendered":"Projekt-Resonanzcheck"},"content":{"rendered":"<div data-elementor-type=\"wp-page\" data-elementor-id=\"6260\" class=\"elementor elementor-6260\" data-elementor-post-type=\"page\">\n\t\t\t\t<div class=\"elementor-element elementor-element-407d1da e-con-full e-flex e-con e-parent\" data-id=\"407d1da\" data-element_type=\"container\" data-e-type=\"container\">\n\t\t<div class=\"elementor-element elementor-element-f75a746 e-con-full e-flex e-con e-child\" data-id=\"f75a746\" data-element_type=\"container\" data-e-type=\"container\">\n\t\t\t\t<div class=\"elementor-element elementor-element-9214707 e-transform elementor-widget elementor-widget-text-editor\" data-id=\"9214707\" data-element_type=\"widget\" data-e-type=\"widget\" data-settings=\"{&quot;_transform_rotateZ_effect&quot;:{&quot;unit&quot;:&quot;px&quot;,&quot;size&quot;:5,&quot;sizes&quot;:[]},&quot;_transform_rotateZ_effect_tablet&quot;:{&quot;unit&quot;:&quot;deg&quot;,&quot;size&quot;:&quot;&quot;,&quot;sizes&quot;:[]},&quot;_transform_rotateZ_effect_mobile&quot;:{&quot;unit&quot;:&quot;deg&quot;,&quot;size&quot;:&quot;&quot;,&quot;sizes&quot;:[]}}\" data-widget_type=\"text-editor.default\">\n\t\t\t\t<div class=\"elementor-widget-container\">\n\t\t\t\t\t<div class=\"bb-theme-elementor-wrap bb-elementor-custom-color bb-elementor-custom-family bb-elementor-custom-size bb-elementor-mobile-custom-size\">\t\t\t\t<p data-start=\"2347\" data-end=\"2436\"><strong>Ein Projekt wird nicht nur geplant. Es wird auch gelesen.<\/strong><\/p>\t\t\t\t<\/div>\t\t\t\t<\/div>\n\t\t\t\t<\/div>\n\t\t\t\t<\/div>\n\t\t<div class=\"elementor-element elementor-element-534e9a8 e-con-full e-flex e-con e-child\" data-id=\"534e9a8\" data-element_type=\"container\" data-e-type=\"container\">\n\t\t<div class=\"elementor-element elementor-element-f29ef46 e-con-full e-flex e-con e-child\" data-id=\"f29ef46\" data-element_type=\"container\" data-e-type=\"container\" data-settings=\"{&quot;background_background&quot;:&quot;classic&quot;}\">\n\t\t<div class=\"elementor-element elementor-element-48cc2ab e-con-full e-flex e-con e-child\" data-id=\"48cc2ab\" data-element_type=\"container\" data-e-type=\"container\">\n\t\t\t\t<div class=\"elementor-element elementor-element-c1fa9d0 elementor-widget elementor-widget-heading\" data-id=\"c1fa9d0\" data-element_type=\"widget\" data-e-type=\"widget\" data-widget_type=\"heading.default\">\n\t\t\t\t<div class=\"elementor-widget-container\">\n\t\t\t\t\t<h1 class=\"elementor-heading-title elementor-size-default\">Sobald ein Projekt wahrgenommen wird, entstehen Fragen.<\/h1>\t\t\t\t<\/div>\n\t\t\t\t<\/div>\n\t\t\t\t<div class=\"elementor-element elementor-element-815019e elementor-widget elementor-widget-text-editor\" data-id=\"815019e\" data-element_type=\"widget\" data-e-type=\"widget\" data-widget_type=\"text-editor.default\">\n\t\t\t\t<div class=\"elementor-widget-container\">\n\t\t\t\t\t<div class=\"bb-theme-elementor-wrap bb-elementor-custom-color\">\t\t\t\t<p data-section-id=\"uxaqwn\" data-start=\"1303\" data-end=\"1373\"><strong>Welche Kommunikation braucht ein Projekt, bevor es \u00f6ffentlich wird?<\/strong><\/p><p data-start=\"1375\" data-end=\"1470\">Bauprojekte werden nicht nur geplant.<br data-start=\"1412\" data-end=\"1415\" \/>Sie werden wahrgenommen, eingeordnet und weitererz\u00e4hlt.<\/p><p data-start=\"1472\" data-end=\"1681\">Sobald ein Projekt Menschen ausserhalb des Projektteams betrifft, entstehen Fragen. In der Nachbarschaft. Bei Eigent\u00fcmerschaften. Bei Nutzenden. In politischen Gremien. Bei Beh\u00f6rden oder in der \u00d6ffentlichkeit.<\/p><p data-start=\"1683\" data-end=\"1825\">Nicht jede Frage braucht eine Veranstaltung.<br data-start=\"1727\" data-end=\"1730\" \/>Nicht jede Betroffenheit braucht Beteiligung.<br data-start=\"1775\" data-end=\"1778\" \/>Nicht jede \u00d6ffentlichkeit braucht Medienarbeit.<\/p>\t\t\t\t<\/div>\t\t\t\t<\/div>\n\t\t\t\t<\/div>\n\t\t\t\t<div class=\"elementor-element elementor-element-60a364c elementor-align-center elementor-mobile-align-center elementor-widget elementor-widget-button\" data-id=\"60a364c\" data-element_type=\"widget\" data-e-type=\"widget\" data-widget_type=\"button.default\">\n\t\t\t\t<div class=\"elementor-widget-container\">\n\t\t\t\t\t\t\t\t\t<div class=\"elementor-button-wrapper\">\n\t\t\t\t\t<a class=\"elementor-button elementor-button-link elementor-size-md\" href=\"https:\/\/g-network.ch\/en\/contact\/\">\n\t\t\t\t\t\t<span class=\"elementor-button-content-wrapper\">\n\t\t\t\t\t\t\t\t\t<span class=\"elementor-button-text\">Zu Kommunikation ins Gespr\u00e4ch kommen?<\/span>\n\t\t\t\t\t<\/span>\n\t\t\t\t\t<\/a>\n\t\t\t\t<\/div>\n\t\t\t\t\t\t\t\t<\/div>\n\t\t\t\t<\/div>\n\t\t\t\t<\/div>\n\t\t<div class=\"elementor-element elementor-element-255bf47 e-con-full e-flex e-con e-child\" data-id=\"255bf47\" data-element_type=\"container\" data-e-type=\"container\" data-settings=\"{&quot;background_background&quot;:&quot;classic&quot;,&quot;background_motion_fx_motion_fx_mouse&quot;:&quot;yes&quot;,&quot;background_motion_fx_mouseTrack_effect&quot;:&quot;yes&quot;,&quot;background_motion_fx_mouseTrack_speed&quot;:{&quot;unit&quot;:&quot;px&quot;,&quot;size&quot;:0.40000000000000002220446049250313080847263336181640625,&quot;sizes&quot;:[]}}\">\n\t\t\t\t<div class=\"elementor-element elementor-element-fb97700 elementor-widget elementor-widget-text-editor\" data-id=\"fb97700\" data-element_type=\"widget\" data-e-type=\"widget\" data-widget_type=\"text-editor.default\">\n\t\t\t\t<div class=\"elementor-widget-container\">\n\t\t\t\t\t<div class=\"bb-theme-elementor-wrap bb-elementor-custom-color\">\t\t\t\t<p data-start=\"1827\" data-end=\"1883\">Aber jedes sichtbare Projekt braucht eine fr\u00fche Kl\u00e4rung:<\/p><p data-start=\"1885\" data-end=\"1931\"><strong data-start=\"1885\" data-end=\"1931\">Welche Kommunikation ist jetzt angemessen?<\/strong><\/p><p data-start=\"1933\" data-end=\"2137\">Der Projekt-Resonanzcheck ist eine partizipative Standortbestimmung mit den Projektverantwortlichen. Er macht sichtbar, wo Information gen\u00fcgt, wo Dialog n\u00f6tig wird und wo Beteiligung sinnvoll werden kann.<\/p><p data-start=\"2139\" data-end=\"2198\">So entsteht Orientierung, bevor Kommunikation reaktiv wird.<\/p>\t\t\t\t<\/div>\t\t\t\t<\/div>\n\t\t\t\t<\/div>\n\t\t\t\t<\/div>\n\t\t\t\t<\/div>\n\t\t\t\t<\/div>\n\t\t<div class=\"elementor-element elementor-element-d1073ff e-con-full e-flex e-con e-child\" data-id=\"d1073ff\" data-element_type=\"container\" data-e-type=\"container\">\n\t\t\t\t\t\t\t\n\t\t\t<img class=\"e-image-base e-9c12778-c9f745b\" \n\t\t\t\t\tdata-interaction-id=\"9c12778\" \n\t\t \n\t\t data-e-type=\"widget\" data-id=\"9c12778\"\n\t\t\t\t\t\t\t\t\tid=\"4806\"\n\t\t\t\t\t\t\t\t\t\t\t\tsrc=\"https:\/\/g-network.ch\/wp-content\/uploads\/2026\/02\/G-MANAG-Workshop.png\"\n\t\t\t\t\t\t\t\t\t\t\t\twidth=\"1536\"\n\t\t\t\t\t\t\t\t\t\t\t\theight=\"1024\"\n\t\t\t\t\t\t\t\t\t\t\t\tsrcset=\"https:\/\/g-network.ch\/wp-content\/uploads\/2026\/02\/G-MANAG-Workshop.png 1536w, https:\/\/g-network.ch\/wp-content\/uploads\/2026\/02\/G-MANAG-Workshop-300x200.png 300w, https:\/\/g-network.ch\/wp-content\/uploads\/2026\/02\/G-MANAG-Workshop-1024x683.png 1024w, https:\/\/g-network.ch\/wp-content\/uploads\/2026\/02\/G-MANAG-Workshop-768x512.png 768w, https:\/\/g-network.ch\/wp-content\/uploads\/2026\/02\/G-MANAG-Workshop-391x260.png 391w, https:\/\/g-network.ch\/wp-content\/uploads\/2026\/02\/G-MANAG-Workshop-18x12.png 18w, https:\/\/g-network.ch\/wp-content\/uploads\/2026\/02\/G-MANAG-Workshop-624x416.png 624w, https:\/\/g-network.ch\/wp-content\/uploads\/2026\/02\/G-MANAG-Workshop-600x400.png 600w\"\n\t\t\t\t\t\t\t\t\t\t\t\talt=\"\"\n\t\t\t\t\t\t\/>\n\t\t\t\t\t<div class=\"elementor-element elementor-element-c22ec9b e-transform elementor-widget__width-initial elementor-widget elementor-widget-text-editor\" data-id=\"c22ec9b\" data-element_type=\"widget\" data-e-type=\"widget\" data-settings=\"{&quot;_transform_rotateZ_effect&quot;:{&quot;unit&quot;:&quot;px&quot;,&quot;size&quot;:-3,&quot;sizes&quot;:[]},&quot;_transform_rotateZ_effect_tablet&quot;:{&quot;unit&quot;:&quot;deg&quot;,&quot;size&quot;:&quot;&quot;,&quot;sizes&quot;:[]},&quot;_transform_rotateZ_effect_mobile&quot;:{&quot;unit&quot;:&quot;deg&quot;,&quot;size&quot;:&quot;&quot;,&quot;sizes&quot;:[]}}\" data-widget_type=\"text-editor.default\">\n\t\t\t\t<div class=\"elementor-widget-container\">\n\t\t\t\t\t<div class=\"bb-theme-elementor-wrap bb-elementor-custom-color bb-elementor-custom-family bb-elementor-custom-size\">\t\t\t\t<p data-start=\"2541\" data-end=\"2632\"><strong>Wer fr\u00fch ordnet, muss sp\u00e4ter weniger erkl\u00e4ren.<\/strong><\/p>\t\t\t\t<\/div>\t\t\t\t<\/div>\n\t\t\t\t<\/div>\n\t\t\t\t<\/div>\n\t\t\t\t<\/div>\n\t\t\t\t<\/div>","protected":false},"excerpt":{"rendered":"<p>Ein Projekt wird nicht nur geplant. Es wird auch gelesen. Sobald ein Projekt wahrgenommen wird, entstehen Fragen. Welche Kommunikation braucht ein Projekt, bevor es \u00f6ffentlich&hellip;<\/p>","protected":false},"author":1,"featured_media":0,"parent":0,"menu_order":0,"comment_status":"closed","ping_status":"closed","template":"","meta":{"_acf_changed":false,"footnotes":""},"class_list":["post-6260","page","type-page","status-publish","hentry"],"acf":[],"yoast_head":"<!-- This site is optimized with the Yoast SEO plugin v27.6 - https:\/\/yoast.com\/product\/yoast-seo-wordpress\/ -->\n<title>Projekt-Resonanzcheck - G-Network AG<\/title>\n<meta name=\"robots\" content=\"index, follow, max-snippet:-1, max-image-preview:large, max-video-preview:-1\" \/>\n<link rel=\"canonical\" href=\"https:\/\/g-network.ch\/en\/?page_id=6260\" class=\"yoast-seo-meta-tag\" \/>\n<meta property=\"og:locale\" content=\"en_US\" class=\"yoast-seo-meta-tag\" \/>\n<meta property=\"og:type\" content=\"article\" class=\"yoast-seo-meta-tag\" \/>\n<meta property=\"og:title\" content=\"Projekt-Resonanzcheck - G-Network AG\" class=\"yoast-seo-meta-tag\" \/>\n<meta property=\"og:description\" content=\"Ein Projekt wird nicht nur geplant. Es wird auch gelesen. Sobald ein Projekt wahrgenommen wird, entstehen Fragen. Welche Kommunikation braucht ein Projekt, bevor es \u00f6ffentlich&hellip;\" class=\"yoast-seo-meta-tag\" \/>\n<meta property=\"og:url\" content=\"https:\/\/g-network.ch\/en\/?page_id=6260\" class=\"yoast-seo-meta-tag\" \/>\n<meta property=\"og:site_name\" content=\"G-Network AG\" class=\"yoast-seo-meta-tag\" \/>\n<meta property=\"article:modified_time\" content=\"2026-05-14T10:22:32+00:00\" class=\"yoast-seo-meta-tag\" \/>\n<meta name=\"twitter:card\" content=\"summary_large_image\" class=\"yoast-seo-meta-tag\" \/>\n<script type=\"application\/ld+json\" class=\"yoast-schema-graph\">{\"@context\":\"https:\\\/\\\/schema.org\",\"@graph\":[{\"@type\":\"WebPage\",\"@id\":\"https:\\\/\\\/g-network.ch\\\/?page_id=6260\",\"url\":\"https:\\\/\\\/g-network.ch\\\/?page_id=6260\",\"name\":\"Projekt-Resonanzcheck - G-Network AG\",\"isPartOf\":{\"@id\":\"https:\\\/\\\/g-network.ch\\\/#website\"},\"primaryImageOfPage\":{\"@id\":\"https:\\\/\\\/g-network.ch\\\/?page_id=6260#primaryimage\"},\"image\":{\"@id\":\"https:\\\/\\\/g-network.ch\\\/?page_id=6260#primaryimage\"},\"thumbnailUrl\":\"https:\\\/\\\/g-network.ch\\\/wp-content\\\/uploads\\\/2026\\\/02\\\/G-MANAG-Workshop.png\",\"datePublished\":\"2026-05-14T10:04:08+00:00\",\"dateModified\":\"2026-05-14T10:22:32+00:00\",\"inLanguage\":\"en-US\",\"potentialAction\":[{\"@type\":\"ReadAction\",\"target\":[\"https:\\\/\\\/g-network.ch\\\/?page_id=6260\"]}]},{\"@type\":\"ImageObject\",\"inLanguage\":\"en-US\",\"@id\":\"https:\\\/\\\/g-network.ch\\\/?page_id=6260#primaryimage\",\"url\":\"https:\\\/\\\/g-network.ch\\\/wp-content\\\/uploads\\\/2026\\\/02\\\/G-MANAG-Workshop.png\",\"contentUrl\":\"https:\\\/\\\/g-network.ch\\\/wp-content\\\/uploads\\\/2026\\\/02\\\/G-MANAG-Workshop.png\"},{\"@type\":\"WebSite\",\"@id\":\"https:\\\/\\\/g-network.ch\\\/#website\",\"url\":\"https:\\\/\\\/g-network.ch\\\/\",\"name\":\"G-Network AG\",\"description\":\"Denk- und Machfabrik f\u00fcr Zusammenarbeit in Architektur und Bau\",\"publisher\":{\"@id\":\"https:\\\/\\\/g-network.ch\\\/#organization\"},\"potentialAction\":[{\"@type\":\"SearchAction\",\"target\":{\"@type\":\"EntryPoint\",\"urlTemplate\":\"https:\\\/\\\/g-network.ch\\\/?s={search_term_string}\"},\"query-input\":{\"@type\":\"PropertyValueSpecification\",\"valueRequired\":true,\"valueName\":\"search_term_string\"}}],\"inLanguage\":\"en-US\"},{\"@type\":\"Organization\",\"@id\":\"https:\\\/\\\/g-network.ch\\\/#organization\",\"name\":\"G-Network AG\",\"url\":\"https:\\\/\\\/g-network.ch\\\/\",\"logo\":{\"@type\":\"ImageObject\",\"inLanguage\":\"en-US\",\"@id\":\"https:\\\/\\\/g-network.ch\\\/#\\\/schema\\\/logo\\\/image\\\/\",\"url\":\"\",\"contentUrl\":\"\",\"caption\":\"G-Network AG\"},\"image\":{\"@id\":\"https:\\\/\\\/g-network.ch\\\/#\\\/schema\\\/logo\\\/image\\\/\"}}]}<\/script>\n<!-- \/ Yoast SEO plugin. -->","yoast_head_json":{"title":"Projekt-Resonanzcheck - G-Network AG","robots":{"index":"index","follow":"follow","max-snippet":"max-snippet:-1","max-image-preview":"max-image-preview:large","max-video-preview":"max-video-preview:-1"},"canonical":"https:\/\/g-network.ch\/en\/?page_id=6260","og_locale":"en_US","og_type":"article","og_title":"Projekt-Resonanzcheck - G-Network AG","og_description":"Ein Projekt wird nicht nur geplant. Es wird auch gelesen. Sobald ein Projekt wahrgenommen wird, entstehen Fragen. Welche Kommunikation braucht ein Projekt, bevor es \u00f6ffentlich&hellip;","og_url":"https:\/\/g-network.ch\/en\/?page_id=6260","og_site_name":"G-Network AG","article_modified_time":"2026-05-14T10:22:32+00:00","twitter_card":"summary_large_image","schema":{"@context":"https:\/\/schema.org","@graph":[{"@type":"WebPage","@id":"https:\/\/g-network.ch\/?page_id=6260","url":"https:\/\/g-network.ch\/?page_id=6260","name":"Projekt-Resonanzcheck - G-Network AG","isPartOf":{"@id":"https:\/\/g-network.ch\/#website"},"primaryImageOfPage":{"@id":"https:\/\/g-network.ch\/?page_id=6260#primaryimage"},"image":{"@id":"https:\/\/g-network.ch\/?page_id=6260#primaryimage"},"thumbnailUrl":"https:\/\/g-network.ch\/wp-content\/uploads\/2026\/02\/G-MANAG-Workshop.png","datePublished":"2026-05-14T10:04:08+00:00","dateModified":"2026-05-14T10:22:32+00:00","inLanguage":"en-US","potentialAction":[{"@type":"ReadAction","target":["https:\/\/g-network.ch\/?page_id=6260"]}]},{"@type":"ImageObject","inLanguage":"en-US","@id":"https:\/\/g-network.ch\/?page_id=6260#primaryimage","url":"https:\/\/g-network.ch\/wp-content\/uploads\/2026\/02\/G-MANAG-Workshop.png","contentUrl":"https:\/\/g-network.ch\/wp-content\/uploads\/2026\/02\/G-MANAG-Workshop.png"},{"@type":"WebSite","@id":"https:\/\/g-network.ch\/#website","url":"https:\/\/g-network.ch\/","name":"G-Network AG","description":"Denk- und Machfabrik f\u00fcr Zusammenarbeit in Architektur und Bau","publisher":{"@id":"https:\/\/g-network.ch\/#organization"},"potentialAction":[{"@type":"SearchAction","target":{"@type":"EntryPoint","urlTemplate":"https:\/\/g-network.ch\/?s={search_term_string}"},"query-input":{"@type":"PropertyValueSpecification","valueRequired":true,"valueName":"search_term_string"}}],"inLanguage":"en-US"},{"@type":"Organization","@id":"https:\/\/g-network.ch\/#organization","name":"G-Network AG","url":"https:\/\/g-network.ch\/","logo":{"@type":"ImageObject","inLanguage":"en-US","@id":"https:\/\/g-network.ch\/#\/schema\/logo\/image\/","url":"","contentUrl":"","caption":"G-Network AG"},"image":{"@id":"https:\/\/g-network.ch\/#\/schema\/logo\/image\/"}}]}},"_links":{"self":[{"href":"https:\/\/g-network.ch\/en\/wp-json\/wp\/v2\/pages\/6260","targetHints":{"allow":["GET"]}}],"collection":[{"href":"https:\/\/g-network.ch\/en\/wp-json\/wp\/v2\/pages"}],"about":[{"href":"https:\/\/g-network.ch\/en\/wp-json\/wp\/v2\/types\/page"}],"author":[{"embeddable":true,"href":"https:\/\/g-network.ch\/en\/wp-json\/wp\/v2\/users\/1"}],"replies":[{"embeddable":true,"href":"https:\/\/g-network.ch\/en\/wp-json\/wp\/v2\/comments?post=6260"}],"version-history":[{"count":10,"href":"https:\/\/g-network.ch\/en\/wp-json\/wp\/v2\/pages\/6260\/revisions"}],"predecessor-version":[{"id":6273,"href":"https:\/\/g-network.ch\/en\/wp-json\/wp\/v2\/pages\/6260\/revisions\/6273"}],"wp:attachment":[{"href":"https:\/\/g-network.ch\/en\/wp-json\/wp\/v2\/media?parent=6260"}],"curies":[{"name":"wp","href":"https:\/\/api.w.org\/{rel}","templated":true}]}}